{"id":1675,"date":"2020-05-21T19:52:43","date_gmt":"2020-05-21T19:52:43","guid":{"rendered":"http:\/\/expertosencisternas.com\/sanimkt\/?post_type=product&#038;p=1675"},"modified":"2021-07-12T16:40:12","modified_gmt":"2021-07-12T16:40:12","slug":"trex","status":"publish","type":"product","link":"https:\/\/sanimarketecuador.com\/?product=trex","title":{"rendered":"Trampas mec\u00e1nicas T-Rex"},"content":{"rendered":"","protected":false},"excerpt":{"rendered":"<p><span style=\"color: #EE3E3F;\"><\/span><br \/>\n<b>PARA VENTA INMEDIATA<\/b> <br \/> <a class=\"uk-button uk-button-link\" href=\"https:\/\/wa.me\/593985660258\" target=\"_blank\" rel=\"noopener noreferrer\"><span style=\"color: #EE3E3F;\" uk-icon=\"icon: whatsapp\"><\/span><b>  098 566 0258<\/b><\/a> <\/p>\n<p class=\"uk-text\" align=\"justify\">La trampa para ratas Trapper T-Rex es una trampa mec\u00e1nica de \u00faltima generaci\u00f3n que ofrece una captura de ratas superior. Los dientes entrelazados patentados hacen que el escape de ratas sea pr\u00e1cticamente imposible. Con T-Rex obtendr\u00e1s la combinaci\u00f3n perfecta de sensibilidad del gatillo y velocidad de trampa: velocidad y capacidad de respuesta que garantizan una captura exitosa y mortal. F\u00e1cil de configurar y m\u00e1s seguro de usar que las trampas de cierre tradicionales.<\/span><\/span><\/p>\n<p><span style=\"color: #EE3E3F;\"><\/span><br \/>\n<b>PARA ATENCI\u00d3N INMEDIATA<\/b> <br \/> <a class=\"uk-button uk-button-link\" href=\"https:\/\/wa.me\/593989596599\" target=\"_blank\" rel=\"noopener noreferrer\"><span style=\"color: #EE3E3F;\" uk-icon=\"icon: whatsapp\"><\/span><b> 098 959 6599<\/b><\/a><\/p>\n","protected":false},"featured_media":1769,"comment_status":"open","ping_status":"closed","template":"","meta":{"_acf_changed":false},"product_brand":[],"product_cat":[53,74],"product_tag":[],"class_list":{"0":"post-1675","1":"product","2":"type-product","3":"status-publish","4":"has-post-thumbnail","6":"product_cat-productos-para-plagas","7":"product_cat-control-de-roedores","9":"first","10":"instock","11":"taxable","12":"shipping-taxable","13":"purchasable","14":"product-type-simple"},"acf":[],"yoast_head":"<!-- This site is optimized with the Yoast SEO plugin v27.4 - https:\/\/yoast.com\/product\/yoast-seo-wordpress\/ -->\n<title>Trampas mec\u00e1nicas T-Rex - Sanimarket Ecuador<\/title>\n<meta name=\"robots\" content=\"index, follow, max-snippet:-1, max-image-preview:large, max-video-preview:-1\" \/>\n<link rel=\"canonical\" href=\"https:\/\/sanimarketecuador.com\/?product=trex\" \/>\n<meta property=\"og:locale\" content=\"es_MX\" \/>\n<meta property=\"og:type\" content=\"article\" \/>\n<meta property=\"og:title\" content=\"Trampas mec\u00e1nicas T-Rex - Sanimarket Ecuador\" \/>\n<meta property=\"og:description\" content=\"PARA VENTA INMEDIATA  098 566 0258   La trampa para ratas Trapper T-Rex es una trampa mec\u00e1nica de \u00faltima generaci\u00f3n que ofrece una captura de ratas superior. Los dientes entrelazados patentados hacen que el escape de ratas sea pr\u00e1cticamente imposible. Con T-Rex obtendr\u00e1s la combinaci\u00f3n perfecta de sensibilidad del gatillo y velocidad de trampa: velocidad y capacidad de respuesta que garantizan una captura exitosa y mortal. F\u00e1cil de configurar y m\u00e1s seguro de usar que las trampas de cierre tradicionales.   PARA ATENCI\u00d3N INMEDIATA  098 959 6599\" \/>\n<meta property=\"og:url\" content=\"https:\/\/sanimarketecuador.com\/?product=trex\" \/>\n<meta property=\"og:site_name\" content=\"Sanimarket Ecuador\" \/>\n<meta property=\"article:modified_time\" content=\"2021-07-12T16:40:12+00:00\" \/>\n<meta property=\"og:image\" content=\"https:\/\/sanimarketecuador.com\/wp-content\/uploads\/2020\/05\/Trex.jpg\" \/>\n\t<meta property=\"og:image:width\" content=\"512\" \/>\n\t<meta property=\"og:image:height\" content=\"512\" \/>\n\t<meta property=\"og:image:type\" content=\"image\/jpeg\" \/>\n<meta name=\"twitter:card\" content=\"summary_large_image\" \/>\n<script type=\"application\/ld+json\" class=\"yoast-schema-graph\">{\"@context\":\"https:\\\/\\\/schema.org\",\"@graph\":[{\"@type\":\"WebPage\",\"@id\":\"https:\\\/\\\/sanimarketecuador.com\\\/?product=trex\",\"url\":\"https:\\\/\\\/sanimarketecuador.com\\\/?product=trex\",\"name\":\"Trampas mec\u00e1nicas T-Rex - Sanimarket Ecuador\",\"isPartOf\":{\"@id\":\"https:\\\/\\\/sanimarketecuador.com\\\/#website\"},\"primaryImageOfPage\":{\"@id\":\"https:\\\/\\\/sanimarketecuador.com\\\/?product=trex#primaryimage\"},\"image\":{\"@id\":\"https:\\\/\\\/sanimarketecuador.com\\\/?product=trex#primaryimage\"},\"thumbnailUrl\":\"https:\\\/\\\/sanimarketecuador.com\\\/wp-content\\\/uploads\\\/2020\\\/05\\\/Trex.jpg\",\"datePublished\":\"2020-05-21T19:52:43+00:00\",\"dateModified\":\"2021-07-12T16:40:12+00:00\",\"breadcrumb\":{\"@id\":\"https:\\\/\\\/sanimarketecuador.com\\\/?product=trex#breadcrumb\"},\"inLanguage\":\"es\",\"potentialAction\":[{\"@type\":\"ReadAction\",\"target\":[\"https:\\\/\\\/sanimarketecuador.com\\\/?product=trex\"]}]},{\"@type\":\"ImageObject\",\"inLanguage\":\"es\",\"@id\":\"https:\\\/\\\/sanimarketecuador.com\\\/?product=trex#primaryimage\",\"url\":\"https:\\\/\\\/sanimarketecuador.com\\\/wp-content\\\/uploads\\\/2020\\\/05\\\/Trex.jpg\",\"contentUrl\":\"https:\\\/\\\/sanimarketecuador.com\\\/wp-content\\\/uploads\\\/2020\\\/05\\\/Trex.jpg\",\"width\":512,\"height\":512,\"caption\":\"trex\"},{\"@type\":\"BreadcrumbList\",\"@id\":\"https:\\\/\\\/sanimarketecuador.com\\\/?product=trex#breadcrumb\",\"itemListElement\":[{\"@type\":\"ListItem\",\"position\":1,\"name\":\"Inicio\",\"item\":\"https:\\\/\\\/sanimarketecuador.com\\\/\"},{\"@type\":\"ListItem\",\"position\":2,\"name\":\"Tienda\",\"item\":\"https:\\\/\\\/sanimarketecuador.com\\\/?page_id=1360\"},{\"@type\":\"ListItem\",\"position\":3,\"name\":\"Trampas mec\u00e1nicas T-Rex\"}]},{\"@type\":\"WebSite\",\"@id\":\"https:\\\/\\\/sanimarketecuador.com\\\/#website\",\"url\":\"https:\\\/\\\/sanimarketecuador.com\\\/\",\"name\":\"Sanimarket Ecuador\",\"description\":\"Productos de limpieza y desinfecci\u00f3n\",\"potentialAction\":[{\"@type\":\"SearchAction\",\"target\":{\"@type\":\"EntryPoint\",\"urlTemplate\":\"https:\\\/\\\/sanimarketecuador.com\\\/?s={search_term_string}\"},\"query-input\":{\"@type\":\"PropertyValueSpecification\",\"valueRequired\":true,\"valueName\":\"search_term_string\"}}],\"inLanguage\":\"es\"}]}<\/script>\n<!-- \/ Yoast SEO plugin. -->","yoast_head_json":{"title":"Trampas mec\u00e1nicas T-Rex - Sanimarket Ecuador","robots":{"index":"index","follow":"follow","max-snippet":"max-snippet:-1","max-image-preview":"max-image-preview:large","max-video-preview":"max-video-preview:-1"},"canonical":"https:\/\/sanimarketecuador.com\/?product=trex","og_locale":"es_MX","og_type":"article","og_title":"Trampas mec\u00e1nicas T-Rex - Sanimarket Ecuador","og_description":"PARA VENTA INMEDIATA  098 566 0258   La trampa para ratas Trapper T-Rex es una trampa mec\u00e1nica de \u00faltima generaci\u00f3n que ofrece una captura de ratas superior. Los dientes entrelazados patentados hacen que el escape de ratas sea pr\u00e1cticamente imposible. Con T-Rex obtendr\u00e1s la combinaci\u00f3n perfecta de sensibilidad del gatillo y velocidad de trampa: velocidad y capacidad de respuesta que garantizan una captura exitosa y mortal. F\u00e1cil de configurar y m\u00e1s seguro de usar que las trampas de cierre tradicionales.   PARA ATENCI\u00d3N INMEDIATA  098 959 6599","og_url":"https:\/\/sanimarketecuador.com\/?product=trex","og_site_name":"Sanimarket Ecuador","article_modified_time":"2021-07-12T16:40:12+00:00","og_image":[{"width":512,"height":512,"url":"https:\/\/sanimarketecuador.com\/wp-content\/uploads\/2020\/05\/Trex.jpg","type":"image\/jpeg"}],"twitter_card":"summary_large_image","schema":{"@context":"https:\/\/schema.org","@graph":[{"@type":"WebPage","@id":"https:\/\/sanimarketecuador.com\/?product=trex","url":"https:\/\/sanimarketecuador.com\/?product=trex","name":"Trampas mec\u00e1nicas T-Rex - Sanimarket Ecuador","isPartOf":{"@id":"https:\/\/sanimarketecuador.com\/#website"},"primaryImageOfPage":{"@id":"https:\/\/sanimarketecuador.com\/?product=trex#primaryimage"},"image":{"@id":"https:\/\/sanimarketecuador.com\/?product=trex#primaryimage"},"thumbnailUrl":"https:\/\/sanimarketecuador.com\/wp-content\/uploads\/2020\/05\/Trex.jpg","datePublished":"2020-05-21T19:52:43+00:00","dateModified":"2021-07-12T16:40:12+00:00","breadcrumb":{"@id":"https:\/\/sanimarketecuador.com\/?product=trex#breadcrumb"},"inLanguage":"es","potentialAction":[{"@type":"ReadAction","target":["https:\/\/sanimarketecuador.com\/?product=trex"]}]},{"@type":"ImageObject","inLanguage":"es","@id":"https:\/\/sanimarketecuador.com\/?product=trex#primaryimage","url":"https:\/\/sanimarketecuador.com\/wp-content\/uploads\/2020\/05\/Trex.jpg","contentUrl":"https:\/\/sanimarketecuador.com\/wp-content\/uploads\/2020\/05\/Trex.jpg","width":512,"height":512,"caption":"trex"},{"@type":"BreadcrumbList","@id":"https:\/\/sanimarketecuador.com\/?product=trex#breadcrumb","itemListElement":[{"@type":"ListItem","position":1,"name":"Inicio","item":"https:\/\/sanimarketecuador.com\/"},{"@type":"ListItem","position":2,"name":"Tienda","item":"https:\/\/sanimarketecuador.com\/?page_id=1360"},{"@type":"ListItem","position":3,"name":"Trampas mec\u00e1nicas T-Rex"}]},{"@type":"WebSite","@id":"https:\/\/sanimarketecuador.com\/#website","url":"https:\/\/sanimarketecuador.com\/","name":"Sanimarket Ecuador","description":"Productos de limpieza y desinfecci\u00f3n","potentialAction":[{"@type":"SearchAction","target":{"@type":"EntryPoint","urlTemplate":"https:\/\/sanimarketecuador.com\/?s={search_term_string}"},"query-input":{"@type":"PropertyValueSpecification","valueRequired":true,"valueName":"search_term_string"}}],"inLanguage":"es"}]}},"jetpack_sharing_enabled":true,"_links":{"self":[{"href":"https:\/\/sanimarketecuador.com\/index.php?rest_route=\/wp\/v2\/product\/1675","targetHints":{"allow":["GET"]}}],"collection":[{"href":"https:\/\/sanimarketecuador.com\/index.php?rest_route=\/wp\/v2\/product"}],"about":[{"href":"https:\/\/sanimarketecuador.com\/index.php?rest_route=\/wp\/v2\/types\/product"}],"replies":[{"embeddable":true,"href":"https:\/\/sanimarketecuador.com\/index.php?rest_route=%2Fwp%2Fv2%2Fcomments&post=1675"}],"wp:featuredmedia":[{"embeddable":true,"href":"https:\/\/sanimarketecuador.com\/index.php?rest_route=\/wp\/v2\/media\/1769"}],"wp:attachment":[{"href":"https:\/\/sanimarketecuador.com\/index.php?rest_route=%2Fwp%2Fv2%2Fmedia&parent=1675"}],"wp:term":[{"taxonomy":"product_brand","embeddable":true,"href":"https:\/\/sanimarketecuador.com\/index.php?rest_route=%2Fwp%2Fv2%2Fproduct_brand&post=1675"},{"taxonomy":"product_cat","embeddable":true,"href":"https:\/\/sanimarketecuador.com\/index.php?rest_route=%2Fwp%2Fv2%2Fproduct_cat&post=1675"},{"taxonomy":"product_tag","embeddable":true,"href":"https:\/\/sanimarketecuador.com\/index.php?rest_route=%2Fwp%2Fv2%2Fproduct_tag&post=1675"}],"curies":[{"name":"wp","href":"https:\/\/api.w.org\/{rel}","templated":true}]}}