{"id":1677,"date":"2020-05-21T19:53:22","date_gmt":"2020-05-21T19:53:22","guid":{"rendered":"http:\/\/expertosencisternas.com\/sanimkt\/?post_type=product&#038;p=1677"},"modified":"2022-02-25T16:44:43","modified_gmt":"2022-02-25T16:44:43","slug":"senaletica","status":"publish","type":"product","link":"https:\/\/sanimarketecuador.com\/?product=senaletica","title":{"rendered":"Se\u00f1al\u00e9ticas"},"content":{"rendered":"","protected":false},"excerpt":{"rendered":"<p><span style=\"color: #EE3E3F;\"><\/span><br \/>\n<b>PARA VENTA INMEDIATA<\/b> <br \/> <a class=\"uk-button uk-button-link\" href=\"https:\/\/wa.me\/593985660258\" target=\"_blank\" rel=\"noopener noreferrer\"><span style=\"color: #EE3E3F;\" uk-icon=\"icon: whatsapp\"><\/span><b>  098 566 0258<\/b><\/a> <\/p>\n<p class=\"uk-text\" align=\"justify\">Se\u00f1al\u00e9tica de impresi\u00f3n sobre l\u00e1minas pl\u00e1sticas, gran duraci\u00f3n al interior c\u00f3mo al exterior, todas las se\u00f1al\u00e9ticas vienen con una l\u00e1mina de protecci\u00f3n lo cual evita cualquier da\u00f1o.<\/p>\n<p><span style=\"color: #EE3E3F;\"><\/span><br \/>\n<b>PARA ATENCI\u00d3N INMEDIATA<\/b> <br \/> <a class=\"uk-button uk-button-link\" href=\"https:\/\/wa.me\/593989596599\" target=\"_blank\" rel=\"noopener noreferrer\"><span style=\"color: #EE3E3F;\" uk-icon=\"icon: whatsapp\"><\/span><b> 098 959 6599<\/b><\/a><\/p>\n","protected":false},"featured_media":1768,"comment_status":"open","ping_status":"closed","template":"","meta":{"_acf_changed":false},"product_brand":[],"product_cat":[53,74],"product_tag":[],"class_list":{"0":"post-1677","1":"product","2":"type-product","3":"status-publish","4":"has-post-thumbnail","6":"product_cat-productos-para-plagas","7":"product_cat-control-de-roedores","9":"first","10":"instock","11":"taxable","12":"shipping-taxable","13":"purchasable","14":"product-type-simple"},"acf":[],"yoast_head":"<!-- This site is optimized with the Yoast SEO plugin v27.4 - https:\/\/yoast.com\/product\/yoast-seo-wordpress\/ -->\n<title>Se\u00f1al\u00e9ticas - Sanimarket Ecuador<\/title>\n<meta name=\"robots\" content=\"index, follow, max-snippet:-1, max-image-preview:large, max-video-preview:-1\" \/>\n<link rel=\"canonical\" href=\"https:\/\/sanimarketecuador.com\/?product=senaletica\" \/>\n<meta property=\"og:locale\" content=\"es_MX\" \/>\n<meta property=\"og:type\" content=\"article\" \/>\n<meta property=\"og:title\" content=\"Se\u00f1al\u00e9ticas - Sanimarket Ecuador\" \/>\n<meta property=\"og:description\" content=\"PARA VENTA INMEDIATA  098 566 0258    Se\u00f1al\u00e9tica de impresi\u00f3n sobre l\u00e1minas pl\u00e1sticas, gran duraci\u00f3n al interior c\u00f3mo al exterior, todas las se\u00f1al\u00e9ticas vienen con una l\u00e1mina de protecci\u00f3n lo cual evita cualquier da\u00f1o.   PARA ATENCI\u00d3N INMEDIATA  098 959 6599\" \/>\n<meta property=\"og:url\" content=\"https:\/\/sanimarketecuador.com\/?product=senaletica\" \/>\n<meta property=\"og:site_name\" content=\"Sanimarket Ecuador\" \/>\n<meta property=\"article:modified_time\" content=\"2022-02-25T16:44:43+00:00\" \/>\n<meta property=\"og:image\" content=\"https:\/\/sanimarketecuador.com\/wp-content\/uploads\/2020\/05\/Se\u00f1al\u00e9tica.jpg\" \/>\n\t<meta property=\"og:image:width\" content=\"512\" \/>\n\t<meta property=\"og:image:height\" content=\"512\" \/>\n\t<meta property=\"og:image:type\" content=\"image\/jpeg\" \/>\n<meta name=\"twitter:card\" content=\"summary_large_image\" \/>\n<script type=\"application\/ld+json\" class=\"yoast-schema-graph\">{\"@context\":\"https:\\\/\\\/schema.org\",\"@graph\":[{\"@type\":\"WebPage\",\"@id\":\"https:\\\/\\\/sanimarketecuador.com\\\/?product=senaletica\",\"url\":\"https:\\\/\\\/sanimarketecuador.com\\\/?product=senaletica\",\"name\":\"Se\u00f1al\u00e9ticas - Sanimarket Ecuador\",\"isPartOf\":{\"@id\":\"https:\\\/\\\/sanimarketecuador.com\\\/#website\"},\"primaryImageOfPage\":{\"@id\":\"https:\\\/\\\/sanimarketecuador.com\\\/?product=senaletica#primaryimage\"},\"image\":{\"@id\":\"https:\\\/\\\/sanimarketecuador.com\\\/?product=senaletica#primaryimage\"},\"thumbnailUrl\":\"https:\\\/\\\/sanimarketecuador.com\\\/wp-content\\\/uploads\\\/2020\\\/05\\\/Se\u00f1al\u00e9tica.jpg\",\"datePublished\":\"2020-05-21T19:53:22+00:00\",\"dateModified\":\"2022-02-25T16:44:43+00:00\",\"breadcrumb\":{\"@id\":\"https:\\\/\\\/sanimarketecuador.com\\\/?product=senaletica#breadcrumb\"},\"inLanguage\":\"es\",\"potentialAction\":[{\"@type\":\"ReadAction\",\"target\":[\"https:\\\/\\\/sanimarketecuador.com\\\/?product=senaletica\"]}]},{\"@type\":\"ImageObject\",\"inLanguage\":\"es\",\"@id\":\"https:\\\/\\\/sanimarketecuador.com\\\/?product=senaletica#primaryimage\",\"url\":\"https:\\\/\\\/sanimarketecuador.com\\\/wp-content\\\/uploads\\\/2020\\\/05\\\/Se\u00f1al\u00e9tica.jpg\",\"contentUrl\":\"https:\\\/\\\/sanimarketecuador.com\\\/wp-content\\\/uploads\\\/2020\\\/05\\\/Se\u00f1al\u00e9tica.jpg\",\"width\":512,\"height\":512,\"caption\":\"letreros\"},{\"@type\":\"BreadcrumbList\",\"@id\":\"https:\\\/\\\/sanimarketecuador.com\\\/?product=senaletica#breadcrumb\",\"itemListElement\":[{\"@type\":\"ListItem\",\"position\":1,\"name\":\"Inicio\",\"item\":\"https:\\\/\\\/sanimarketecuador.com\\\/\"},{\"@type\":\"ListItem\",\"position\":2,\"name\":\"Tienda\",\"item\":\"https:\\\/\\\/sanimarketecuador.com\\\/?page_id=1360\"},{\"@type\":\"ListItem\",\"position\":3,\"name\":\"Se\u00f1al\u00e9ticas\"}]},{\"@type\":\"WebSite\",\"@id\":\"https:\\\/\\\/sanimarketecuador.com\\\/#website\",\"url\":\"https:\\\/\\\/sanimarketecuador.com\\\/\",\"name\":\"Sanimarket Ecuador\",\"description\":\"Productos de limpieza y desinfecci\u00f3n\",\"potentialAction\":[{\"@type\":\"SearchAction\",\"target\":{\"@type\":\"EntryPoint\",\"urlTemplate\":\"https:\\\/\\\/sanimarketecuador.com\\\/?s={search_term_string}\"},\"query-input\":{\"@type\":\"PropertyValueSpecification\",\"valueRequired\":true,\"valueName\":\"search_term_string\"}}],\"inLanguage\":\"es\"}]}<\/script>\n<!-- \/ Yoast SEO plugin. -->","yoast_head_json":{"title":"Se\u00f1al\u00e9ticas - Sanimarket Ecuador","robots":{"index":"index","follow":"follow","max-snippet":"max-snippet:-1","max-image-preview":"max-image-preview:large","max-video-preview":"max-video-preview:-1"},"canonical":"https:\/\/sanimarketecuador.com\/?product=senaletica","og_locale":"es_MX","og_type":"article","og_title":"Se\u00f1al\u00e9ticas - Sanimarket Ecuador","og_description":"PARA VENTA INMEDIATA  098 566 0258    Se\u00f1al\u00e9tica de impresi\u00f3n sobre l\u00e1minas pl\u00e1sticas, gran duraci\u00f3n al interior c\u00f3mo al exterior, todas las se\u00f1al\u00e9ticas vienen con una l\u00e1mina de protecci\u00f3n lo cual evita cualquier da\u00f1o.   PARA ATENCI\u00d3N INMEDIATA  098 959 6599","og_url":"https:\/\/sanimarketecuador.com\/?product=senaletica","og_site_name":"Sanimarket Ecuador","article_modified_time":"2022-02-25T16:44:43+00:00","og_image":[{"width":512,"height":512,"url":"https:\/\/sanimarketecuador.com\/wp-content\/uploads\/2020\/05\/Se\u00f1al\u00e9tica.jpg","type":"image\/jpeg"}],"twitter_card":"summary_large_image","schema":{"@context":"https:\/\/schema.org","@graph":[{"@type":"WebPage","@id":"https:\/\/sanimarketecuador.com\/?product=senaletica","url":"https:\/\/sanimarketecuador.com\/?product=senaletica","name":"Se\u00f1al\u00e9ticas - Sanimarket Ecuador","isPartOf":{"@id":"https:\/\/sanimarketecuador.com\/#website"},"primaryImageOfPage":{"@id":"https:\/\/sanimarketecuador.com\/?product=senaletica#primaryimage"},"image":{"@id":"https:\/\/sanimarketecuador.com\/?product=senaletica#primaryimage"},"thumbnailUrl":"https:\/\/sanimarketecuador.com\/wp-content\/uploads\/2020\/05\/Se\u00f1al\u00e9tica.jpg","datePublished":"2020-05-21T19:53:22+00:00","dateModified":"2022-02-25T16:44:43+00:00","breadcrumb":{"@id":"https:\/\/sanimarketecuador.com\/?product=senaletica#breadcrumb"},"inLanguage":"es","potentialAction":[{"@type":"ReadAction","target":["https:\/\/sanimarketecuador.com\/?product=senaletica"]}]},{"@type":"ImageObject","inLanguage":"es","@id":"https:\/\/sanimarketecuador.com\/?product=senaletica#primaryimage","url":"https:\/\/sanimarketecuador.com\/wp-content\/uploads\/2020\/05\/Se\u00f1al\u00e9tica.jpg","contentUrl":"https:\/\/sanimarketecuador.com\/wp-content\/uploads\/2020\/05\/Se\u00f1al\u00e9tica.jpg","width":512,"height":512,"caption":"letreros"},{"@type":"BreadcrumbList","@id":"https:\/\/sanimarketecuador.com\/?product=senaletica#breadcrumb","itemListElement":[{"@type":"ListItem","position":1,"name":"Inicio","item":"https:\/\/sanimarketecuador.com\/"},{"@type":"ListItem","position":2,"name":"Tienda","item":"https:\/\/sanimarketecuador.com\/?page_id=1360"},{"@type":"ListItem","position":3,"name":"Se\u00f1al\u00e9ticas"}]},{"@type":"WebSite","@id":"https:\/\/sanimarketecuador.com\/#website","url":"https:\/\/sanimarketecuador.com\/","name":"Sanimarket Ecuador","description":"Productos de limpieza y desinfecci\u00f3n","potentialAction":[{"@type":"SearchAction","target":{"@type":"EntryPoint","urlTemplate":"https:\/\/sanimarketecuador.com\/?s={search_term_string}"},"query-input":{"@type":"PropertyValueSpecification","valueRequired":true,"valueName":"search_term_string"}}],"inLanguage":"es"}]}},"jetpack_sharing_enabled":true,"_links":{"self":[{"href":"https:\/\/sanimarketecuador.com\/index.php?rest_route=\/wp\/v2\/product\/1677","targetHints":{"allow":["GET"]}}],"collection":[{"href":"https:\/\/sanimarketecuador.com\/index.php?rest_route=\/wp\/v2\/product"}],"about":[{"href":"https:\/\/sanimarketecuador.com\/index.php?rest_route=\/wp\/v2\/types\/product"}],"replies":[{"embeddable":true,"href":"https:\/\/sanimarketecuador.com\/index.php?rest_route=%2Fwp%2Fv2%2Fcomments&post=1677"}],"wp:featuredmedia":[{"embeddable":true,"href":"https:\/\/sanimarketecuador.com\/index.php?rest_route=\/wp\/v2\/media\/1768"}],"wp:attachment":[{"href":"https:\/\/sanimarketecuador.com\/index.php?rest_route=%2Fwp%2Fv2%2Fmedia&parent=1677"}],"wp:term":[{"taxonomy":"product_brand","embeddable":true,"href":"https:\/\/sanimarketecuador.com\/index.php?rest_route=%2Fwp%2Fv2%2Fproduct_brand&post=1677"},{"taxonomy":"product_cat","embeddable":true,"href":"https:\/\/sanimarketecuador.com\/index.php?rest_route=%2Fwp%2Fv2%2Fproduct_cat&post=1677"},{"taxonomy":"product_tag","embeddable":true,"href":"https:\/\/sanimarketecuador.com\/index.php?rest_route=%2Fwp%2Fv2%2Fproduct_tag&post=1677"}],"curies":[{"name":"wp","href":"https:\/\/api.w.org\/{rel}","templated":true}]}}