{"id":1679,"date":"2020-05-21T19:54:44","date_gmt":"2020-05-21T19:54:44","guid":{"rendered":"http:\/\/expertosencisternas.com\/sanimkt\/?post_type=product&#038;p=1679"},"modified":"2021-07-12T16:36:33","modified_gmt":"2021-07-12T16:36:33","slug":"radares","status":"publish","type":"product","link":"https:\/\/sanimarketecuador.com\/?product=radares","title":{"rendered":"Radares"},"content":{"rendered":"","protected":false},"excerpt":{"rendered":"<p><span style=\"color: #EE3E3F;\"><\/span><br \/>\n<b>PARA VENTA INMEDIATA<\/b> <br \/> <a class=\"uk-button uk-button-link\" href=\"https:\/\/wa.me\/593985660258\" target=\"_blank\" rel=\"noopener noreferrer\"><span style=\"color: #EE3E3F;\" uk-icon=\"icon: whatsapp\"><\/span><b>  098 566 0258<\/b><\/a> <\/p>\n<p class=\"uk-text\" align=\"justify\">Equipo para <\/span>ahuyentar insectos rastreros, voladores y roedores. Alta efectividad sin usar qu\u00edmicos o trampas mec\u00e1nicas.<\/span><\/span><\/p>\n<p><span style=\"color: #EE3E3F;\"><\/span><br \/>\n<b>PARA ATENCI\u00d3N INMEDIATA<\/b> <br \/> <a class=\"uk-button uk-button-link\" href=\"https:\/\/wa.me\/593989596599\" target=\"_blank\" rel=\"noopener noreferrer\"><span style=\"color: #EE3E3F;\" uk-icon=\"icon: whatsapp\"><\/span><b> 098 959 6599<\/b><\/a><\/p>\n","protected":false},"featured_media":1767,"comment_status":"open","ping_status":"closed","template":"","meta":{"_acf_changed":false},"product_brand":[],"product_cat":[53,72,74,77],"product_tag":[],"class_list":{"0":"post-1679","1":"product","2":"type-product","3":"status-publish","4":"has-post-thumbnail","6":"product_cat-productos-para-plagas","7":"product_cat-control-de-cucarachas","8":"product_cat-control-de-roedores","9":"product_cat-control-de-palomas","11":"first","12":"instock","13":"taxable","14":"shipping-taxable","15":"purchasable","16":"product-type-simple"},"acf":[],"yoast_head":"<!-- This site is optimized with the Yoast SEO plugin v27.4 - https:\/\/yoast.com\/product\/yoast-seo-wordpress\/ -->\n<title>Radares - Sanimarket Ecuador<\/title>\n<meta name=\"robots\" content=\"index, follow, max-snippet:-1, max-image-preview:large, max-video-preview:-1\" \/>\n<link rel=\"canonical\" href=\"https:\/\/sanimarketecuador.com\/?product=radares\" \/>\n<meta property=\"og:locale\" content=\"es_MX\" \/>\n<meta property=\"og:type\" content=\"article\" \/>\n<meta property=\"og:title\" content=\"Radares - Sanimarket Ecuador\" \/>\n<meta property=\"og:description\" content=\"PARA VENTA INMEDIATA  098 566 0258   Equipo para ahuyentar insectos rastreros, voladores y roedores. Alta efectividad sin usar qu\u00edmicos o trampas mec\u00e1nicas.   PARA ATENCI\u00d3N INMEDIATA  098 959 6599\" \/>\n<meta property=\"og:url\" content=\"https:\/\/sanimarketecuador.com\/?product=radares\" \/>\n<meta property=\"og:site_name\" content=\"Sanimarket Ecuador\" \/>\n<meta property=\"article:modified_time\" content=\"2021-07-12T16:36:33+00:00\" \/>\n<meta property=\"og:image\" content=\"https:\/\/sanimarketecuador.com\/wp-content\/uploads\/2020\/05\/Radares.jpg\" \/>\n\t<meta property=\"og:image:width\" content=\"512\" \/>\n\t<meta property=\"og:image:height\" content=\"512\" \/>\n\t<meta property=\"og:image:type\" content=\"image\/jpeg\" \/>\n<meta name=\"twitter:card\" content=\"summary_large_image\" \/>\n<script type=\"application\/ld+json\" class=\"yoast-schema-graph\">{\"@context\":\"https:\\\/\\\/schema.org\",\"@graph\":[{\"@type\":\"WebPage\",\"@id\":\"https:\\\/\\\/sanimarketecuador.com\\\/?product=radares\",\"url\":\"https:\\\/\\\/sanimarketecuador.com\\\/?product=radares\",\"name\":\"Radares - Sanimarket Ecuador\",\"isPartOf\":{\"@id\":\"https:\\\/\\\/sanimarketecuador.com\\\/#website\"},\"primaryImageOfPage\":{\"@id\":\"https:\\\/\\\/sanimarketecuador.com\\\/?product=radares#primaryimage\"},\"image\":{\"@id\":\"https:\\\/\\\/sanimarketecuador.com\\\/?product=radares#primaryimage\"},\"thumbnailUrl\":\"https:\\\/\\\/sanimarketecuador.com\\\/wp-content\\\/uploads\\\/2020\\\/05\\\/Radares.jpg\",\"datePublished\":\"2020-05-21T19:54:44+00:00\",\"dateModified\":\"2021-07-12T16:36:33+00:00\",\"breadcrumb\":{\"@id\":\"https:\\\/\\\/sanimarketecuador.com\\\/?product=radares#breadcrumb\"},\"inLanguage\":\"es\",\"potentialAction\":[{\"@type\":\"ReadAction\",\"target\":[\"https:\\\/\\\/sanimarketecuador.com\\\/?product=radares\"]}]},{\"@type\":\"ImageObject\",\"inLanguage\":\"es\",\"@id\":\"https:\\\/\\\/sanimarketecuador.com\\\/?product=radares#primaryimage\",\"url\":\"https:\\\/\\\/sanimarketecuador.com\\\/wp-content\\\/uploads\\\/2020\\\/05\\\/Radares.jpg\",\"contentUrl\":\"https:\\\/\\\/sanimarketecuador.com\\\/wp-content\\\/uploads\\\/2020\\\/05\\\/Radares.jpg\",\"width\":512,\"height\":512,\"caption\":\"radar\"},{\"@type\":\"BreadcrumbList\",\"@id\":\"https:\\\/\\\/sanimarketecuador.com\\\/?product=radares#breadcrumb\",\"itemListElement\":[{\"@type\":\"ListItem\",\"position\":1,\"name\":\"Inicio\",\"item\":\"https:\\\/\\\/sanimarketecuador.com\\\/\"},{\"@type\":\"ListItem\",\"position\":2,\"name\":\"Tienda\",\"item\":\"https:\\\/\\\/sanimarketecuador.com\\\/?page_id=1360\"},{\"@type\":\"ListItem\",\"position\":3,\"name\":\"Radares\"}]},{\"@type\":\"WebSite\",\"@id\":\"https:\\\/\\\/sanimarketecuador.com\\\/#website\",\"url\":\"https:\\\/\\\/sanimarketecuador.com\\\/\",\"name\":\"Sanimarket Ecuador\",\"description\":\"Productos de limpieza y desinfecci\u00f3n\",\"potentialAction\":[{\"@type\":\"SearchAction\",\"target\":{\"@type\":\"EntryPoint\",\"urlTemplate\":\"https:\\\/\\\/sanimarketecuador.com\\\/?s={search_term_string}\"},\"query-input\":{\"@type\":\"PropertyValueSpecification\",\"valueRequired\":true,\"valueName\":\"search_term_string\"}}],\"inLanguage\":\"es\"}]}<\/script>\n<!-- \/ Yoast SEO plugin. -->","yoast_head_json":{"title":"Radares - Sanimarket Ecuador","robots":{"index":"index","follow":"follow","max-snippet":"max-snippet:-1","max-image-preview":"max-image-preview:large","max-video-preview":"max-video-preview:-1"},"canonical":"https:\/\/sanimarketecuador.com\/?product=radares","og_locale":"es_MX","og_type":"article","og_title":"Radares - Sanimarket Ecuador","og_description":"PARA VENTA INMEDIATA  098 566 0258   Equipo para ahuyentar insectos rastreros, voladores y roedores. Alta efectividad sin usar qu\u00edmicos o trampas mec\u00e1nicas.   PARA ATENCI\u00d3N INMEDIATA  098 959 6599","og_url":"https:\/\/sanimarketecuador.com\/?product=radares","og_site_name":"Sanimarket Ecuador","article_modified_time":"2021-07-12T16:36:33+00:00","og_image":[{"width":512,"height":512,"url":"https:\/\/sanimarketecuador.com\/wp-content\/uploads\/2020\/05\/Radares.jpg","type":"image\/jpeg"}],"twitter_card":"summary_large_image","schema":{"@context":"https:\/\/schema.org","@graph":[{"@type":"WebPage","@id":"https:\/\/sanimarketecuador.com\/?product=radares","url":"https:\/\/sanimarketecuador.com\/?product=radares","name":"Radares - Sanimarket Ecuador","isPartOf":{"@id":"https:\/\/sanimarketecuador.com\/#website"},"primaryImageOfPage":{"@id":"https:\/\/sanimarketecuador.com\/?product=radares#primaryimage"},"image":{"@id":"https:\/\/sanimarketecuador.com\/?product=radares#primaryimage"},"thumbnailUrl":"https:\/\/sanimarketecuador.com\/wp-content\/uploads\/2020\/05\/Radares.jpg","datePublished":"2020-05-21T19:54:44+00:00","dateModified":"2021-07-12T16:36:33+00:00","breadcrumb":{"@id":"https:\/\/sanimarketecuador.com\/?product=radares#breadcrumb"},"inLanguage":"es","potentialAction":[{"@type":"ReadAction","target":["https:\/\/sanimarketecuador.com\/?product=radares"]}]},{"@type":"ImageObject","inLanguage":"es","@id":"https:\/\/sanimarketecuador.com\/?product=radares#primaryimage","url":"https:\/\/sanimarketecuador.com\/wp-content\/uploads\/2020\/05\/Radares.jpg","contentUrl":"https:\/\/sanimarketecuador.com\/wp-content\/uploads\/2020\/05\/Radares.jpg","width":512,"height":512,"caption":"radar"},{"@type":"BreadcrumbList","@id":"https:\/\/sanimarketecuador.com\/?product=radares#breadcrumb","itemListElement":[{"@type":"ListItem","position":1,"name":"Inicio","item":"https:\/\/sanimarketecuador.com\/"},{"@type":"ListItem","position":2,"name":"Tienda","item":"https:\/\/sanimarketecuador.com\/?page_id=1360"},{"@type":"ListItem","position":3,"name":"Radares"}]},{"@type":"WebSite","@id":"https:\/\/sanimarketecuador.com\/#website","url":"https:\/\/sanimarketecuador.com\/","name":"Sanimarket Ecuador","description":"Productos de limpieza y desinfecci\u00f3n","potentialAction":[{"@type":"SearchAction","target":{"@type":"EntryPoint","urlTemplate":"https:\/\/sanimarketecuador.com\/?s={search_term_string}"},"query-input":{"@type":"PropertyValueSpecification","valueRequired":true,"valueName":"search_term_string"}}],"inLanguage":"es"}]}},"jetpack_sharing_enabled":true,"_links":{"self":[{"href":"https:\/\/sanimarketecuador.com\/index.php?rest_route=\/wp\/v2\/product\/1679","targetHints":{"allow":["GET"]}}],"collection":[{"href":"https:\/\/sanimarketecuador.com\/index.php?rest_route=\/wp\/v2\/product"}],"about":[{"href":"https:\/\/sanimarketecuador.com\/index.php?rest_route=\/wp\/v2\/types\/product"}],"replies":[{"embeddable":true,"href":"https:\/\/sanimarketecuador.com\/index.php?rest_route=%2Fwp%2Fv2%2Fcomments&post=1679"}],"wp:featuredmedia":[{"embeddable":true,"href":"https:\/\/sanimarketecuador.com\/index.php?rest_route=\/wp\/v2\/media\/1767"}],"wp:attachment":[{"href":"https:\/\/sanimarketecuador.com\/index.php?rest_route=%2Fwp%2Fv2%2Fmedia&parent=1679"}],"wp:term":[{"taxonomy":"product_brand","embeddable":true,"href":"https:\/\/sanimarketecuador.com\/index.php?rest_route=%2Fwp%2Fv2%2Fproduct_brand&post=1679"},{"taxonomy":"product_cat","embeddable":true,"href":"https:\/\/sanimarketecuador.com\/index.php?rest_route=%2Fwp%2Fv2%2Fproduct_cat&post=1679"},{"taxonomy":"product_tag","embeddable":true,"href":"https:\/\/sanimarketecuador.com\/index.php?rest_route=%2Fwp%2Fv2%2Fproduct_tag&post=1679"}],"curies":[{"name":"wp","href":"https:\/\/api.w.org\/{rel}","templated":true}]}}