{"id":2277,"date":"2020-06-11T23:44:24","date_gmt":"2020-06-11T23:44:24","guid":{"rendered":"http:\/\/sanimarketecuador.com\/?post_type=product&#038;p=2277"},"modified":"2021-07-12T15:54:18","modified_gmt":"2021-07-12T15:54:18","slug":"gel-maxforce","status":"publish","type":"product","link":"https:\/\/sanimarketecuador.com\/?product=gel-maxforce","title":{"rendered":"Gel Maxforce"},"content":{"rendered":"","protected":false},"excerpt":{"rendered":"<p><span style=\"color: #EE3E3F;\"><\/span><br \/>\n<b>PARA VENTA INMEDIATA<\/b> <br \/> <a class=\"uk-button uk-button-link\" href=\"https:\/\/wa.me\/593985660258\" target=\"_blank\" rel=\"noopener noreferrer\"><span style=\"color: #EE3E3F;\" uk-icon=\"icon: whatsapp\"><\/span><b>  098 566 0258<\/b><\/a> <\/p>\n<p class=\"uk-text\" align=\"justify\">Gel insecticida de f\u00e1cil aplicaci\u00f3n, altamente efectivo por su ingrediente activo Imidacloprid, MaxForce es insecticida fabricado y patentado por Bayer. El efecto domin\u00f3 de Maxforce de Bayer Maximiza su acci\u00f3n ya que por cada cucaracha que consume el cebo se eliminan otras 50 cucarachas m\u00e1s.<\/span><\/span><\/p>\n<p><span style=\"color: #EE3E3F;\"><\/span><br \/>\n<b>PARA ATENCI\u00d3N INMEDIATA<\/b> <br \/> <a class=\"uk-button uk-button-link\" href=\"https:\/\/wa.me\/593989596599\" target=\"_blank\" rel=\"noopener noreferrer\"><span style=\"color: #EE3E3F;\" uk-icon=\"icon: whatsapp\"><\/span><b> 098 959 6599<\/b><\/a><\/p>\n","protected":false},"featured_media":2383,"comment_status":"open","ping_status":"closed","template":"","meta":{"_acf_changed":false},"product_brand":[],"product_cat":[53,72],"product_tag":[],"class_list":{"0":"post-2277","1":"product","2":"type-product","3":"status-publish","4":"has-post-thumbnail","6":"product_cat-productos-para-plagas","7":"product_cat-control-de-cucarachas","9":"first","10":"instock","11":"taxable","12":"shipping-taxable","13":"purchasable","14":"product-type-simple"},"acf":[],"yoast_head":"<!-- This site is optimized with the Yoast SEO plugin v27.4 - https:\/\/yoast.com\/product\/yoast-seo-wordpress\/ -->\n<title>Gel Maxforce - Sanimarket Ecuador<\/title>\n<meta name=\"robots\" content=\"index, follow, max-snippet:-1, max-image-preview:large, max-video-preview:-1\" \/>\n<link rel=\"canonical\" href=\"https:\/\/sanimarketecuador.com\/?product=gel-maxforce\" \/>\n<meta property=\"og:locale\" content=\"es_MX\" \/>\n<meta property=\"og:type\" content=\"article\" \/>\n<meta property=\"og:title\" content=\"Gel Maxforce - Sanimarket Ecuador\" \/>\n<meta property=\"og:description\" content=\"PARA VENTA INMEDIATA  098 566 0258    Gel insecticida de f\u00e1cil aplicaci\u00f3n, altamente efectivo por su ingrediente activo Imidacloprid, MaxForce es insecticida fabricado y patentado por Bayer. El efecto domin\u00f3 de Maxforce de Bayer Maximiza su acci\u00f3n ya que por cada cucaracha que consume el cebo se eliminan otras 50 cucarachas m\u00e1s.   PARA ATENCI\u00d3N INMEDIATA  098 959 6599\" \/>\n<meta property=\"og:url\" content=\"https:\/\/sanimarketecuador.com\/?product=gel-maxforce\" \/>\n<meta property=\"og:site_name\" content=\"Sanimarket Ecuador\" \/>\n<meta property=\"article:modified_time\" content=\"2021-07-12T15:54:18+00:00\" \/>\n<meta property=\"og:image\" content=\"https:\/\/sanimarketecuador.com\/wp-content\/uploads\/2020\/06\/Maxforce.jpg\" \/>\n\t<meta property=\"og:image:width\" content=\"512\" \/>\n\t<meta property=\"og:image:height\" content=\"512\" \/>\n\t<meta property=\"og:image:type\" content=\"image\/jpeg\" \/>\n<meta name=\"twitter:card\" content=\"summary_large_image\" \/>\n<script type=\"application\/ld+json\" class=\"yoast-schema-graph\">{\"@context\":\"https:\\\/\\\/schema.org\",\"@graph\":[{\"@type\":\"WebPage\",\"@id\":\"https:\\\/\\\/sanimarketecuador.com\\\/?product=gel-maxforce\",\"url\":\"https:\\\/\\\/sanimarketecuador.com\\\/?product=gel-maxforce\",\"name\":\"Gel Maxforce - Sanimarket Ecuador\",\"isPartOf\":{\"@id\":\"https:\\\/\\\/sanimarketecuador.com\\\/#website\"},\"primaryImageOfPage\":{\"@id\":\"https:\\\/\\\/sanimarketecuador.com\\\/?product=gel-maxforce#primaryimage\"},\"image\":{\"@id\":\"https:\\\/\\\/sanimarketecuador.com\\\/?product=gel-maxforce#primaryimage\"},\"thumbnailUrl\":\"https:\\\/\\\/sanimarketecuador.com\\\/wp-content\\\/uploads\\\/2020\\\/06\\\/Maxforce.jpg\",\"datePublished\":\"2020-06-11T23:44:24+00:00\",\"dateModified\":\"2021-07-12T15:54:18+00:00\",\"breadcrumb\":{\"@id\":\"https:\\\/\\\/sanimarketecuador.com\\\/?product=gel-maxforce#breadcrumb\"},\"inLanguage\":\"es\",\"potentialAction\":[{\"@type\":\"ReadAction\",\"target\":[\"https:\\\/\\\/sanimarketecuador.com\\\/?product=gel-maxforce\"]}]},{\"@type\":\"ImageObject\",\"inLanguage\":\"es\",\"@id\":\"https:\\\/\\\/sanimarketecuador.com\\\/?product=gel-maxforce#primaryimage\",\"url\":\"https:\\\/\\\/sanimarketecuador.com\\\/wp-content\\\/uploads\\\/2020\\\/06\\\/Maxforce.jpg\",\"contentUrl\":\"https:\\\/\\\/sanimarketecuador.com\\\/wp-content\\\/uploads\\\/2020\\\/06\\\/Maxforce.jpg\",\"width\":512,\"height\":512,\"caption\":\"maxforce\"},{\"@type\":\"BreadcrumbList\",\"@id\":\"https:\\\/\\\/sanimarketecuador.com\\\/?product=gel-maxforce#breadcrumb\",\"itemListElement\":[{\"@type\":\"ListItem\",\"position\":1,\"name\":\"Inicio\",\"item\":\"https:\\\/\\\/sanimarketecuador.com\\\/\"},{\"@type\":\"ListItem\",\"position\":2,\"name\":\"Tienda\",\"item\":\"https:\\\/\\\/sanimarketecuador.com\\\/?page_id=1360\"},{\"@type\":\"ListItem\",\"position\":3,\"name\":\"Gel Maxforce\"}]},{\"@type\":\"WebSite\",\"@id\":\"https:\\\/\\\/sanimarketecuador.com\\\/#website\",\"url\":\"https:\\\/\\\/sanimarketecuador.com\\\/\",\"name\":\"Sanimarket Ecuador\",\"description\":\"Productos de limpieza y desinfecci\u00f3n\",\"potentialAction\":[{\"@type\":\"SearchAction\",\"target\":{\"@type\":\"EntryPoint\",\"urlTemplate\":\"https:\\\/\\\/sanimarketecuador.com\\\/?s={search_term_string}\"},\"query-input\":{\"@type\":\"PropertyValueSpecification\",\"valueRequired\":true,\"valueName\":\"search_term_string\"}}],\"inLanguage\":\"es\"}]}<\/script>\n<!-- \/ Yoast SEO plugin. -->","yoast_head_json":{"title":"Gel Maxforce - Sanimarket Ecuador","robots":{"index":"index","follow":"follow","max-snippet":"max-snippet:-1","max-image-preview":"max-image-preview:large","max-video-preview":"max-video-preview:-1"},"canonical":"https:\/\/sanimarketecuador.com\/?product=gel-maxforce","og_locale":"es_MX","og_type":"article","og_title":"Gel Maxforce - Sanimarket Ecuador","og_description":"PARA VENTA INMEDIATA  098 566 0258    Gel insecticida de f\u00e1cil aplicaci\u00f3n, altamente efectivo por su ingrediente activo Imidacloprid, MaxForce es insecticida fabricado y patentado por Bayer. El efecto domin\u00f3 de Maxforce de Bayer Maximiza su acci\u00f3n ya que por cada cucaracha que consume el cebo se eliminan otras 50 cucarachas m\u00e1s.   PARA ATENCI\u00d3N INMEDIATA  098 959 6599","og_url":"https:\/\/sanimarketecuador.com\/?product=gel-maxforce","og_site_name":"Sanimarket Ecuador","article_modified_time":"2021-07-12T15:54:18+00:00","og_image":[{"width":512,"height":512,"url":"https:\/\/sanimarketecuador.com\/wp-content\/uploads\/2020\/06\/Maxforce.jpg","type":"image\/jpeg"}],"twitter_card":"summary_large_image","schema":{"@context":"https:\/\/schema.org","@graph":[{"@type":"WebPage","@id":"https:\/\/sanimarketecuador.com\/?product=gel-maxforce","url":"https:\/\/sanimarketecuador.com\/?product=gel-maxforce","name":"Gel Maxforce - Sanimarket Ecuador","isPartOf":{"@id":"https:\/\/sanimarketecuador.com\/#website"},"primaryImageOfPage":{"@id":"https:\/\/sanimarketecuador.com\/?product=gel-maxforce#primaryimage"},"image":{"@id":"https:\/\/sanimarketecuador.com\/?product=gel-maxforce#primaryimage"},"thumbnailUrl":"https:\/\/sanimarketecuador.com\/wp-content\/uploads\/2020\/06\/Maxforce.jpg","datePublished":"2020-06-11T23:44:24+00:00","dateModified":"2021-07-12T15:54:18+00:00","breadcrumb":{"@id":"https:\/\/sanimarketecuador.com\/?product=gel-maxforce#breadcrumb"},"inLanguage":"es","potentialAction":[{"@type":"ReadAction","target":["https:\/\/sanimarketecuador.com\/?product=gel-maxforce"]}]},{"@type":"ImageObject","inLanguage":"es","@id":"https:\/\/sanimarketecuador.com\/?product=gel-maxforce#primaryimage","url":"https:\/\/sanimarketecuador.com\/wp-content\/uploads\/2020\/06\/Maxforce.jpg","contentUrl":"https:\/\/sanimarketecuador.com\/wp-content\/uploads\/2020\/06\/Maxforce.jpg","width":512,"height":512,"caption":"maxforce"},{"@type":"BreadcrumbList","@id":"https:\/\/sanimarketecuador.com\/?product=gel-maxforce#breadcrumb","itemListElement":[{"@type":"ListItem","position":1,"name":"Inicio","item":"https:\/\/sanimarketecuador.com\/"},{"@type":"ListItem","position":2,"name":"Tienda","item":"https:\/\/sanimarketecuador.com\/?page_id=1360"},{"@type":"ListItem","position":3,"name":"Gel Maxforce"}]},{"@type":"WebSite","@id":"https:\/\/sanimarketecuador.com\/#website","url":"https:\/\/sanimarketecuador.com\/","name":"Sanimarket Ecuador","description":"Productos de limpieza y desinfecci\u00f3n","potentialAction":[{"@type":"SearchAction","target":{"@type":"EntryPoint","urlTemplate":"https:\/\/sanimarketecuador.com\/?s={search_term_string}"},"query-input":{"@type":"PropertyValueSpecification","valueRequired":true,"valueName":"search_term_string"}}],"inLanguage":"es"}]}},"jetpack_sharing_enabled":true,"_links":{"self":[{"href":"https:\/\/sanimarketecuador.com\/index.php?rest_route=\/wp\/v2\/product\/2277","targetHints":{"allow":["GET"]}}],"collection":[{"href":"https:\/\/sanimarketecuador.com\/index.php?rest_route=\/wp\/v2\/product"}],"about":[{"href":"https:\/\/sanimarketecuador.com\/index.php?rest_route=\/wp\/v2\/types\/product"}],"replies":[{"embeddable":true,"href":"https:\/\/sanimarketecuador.com\/index.php?rest_route=%2Fwp%2Fv2%2Fcomments&post=2277"}],"wp:featuredmedia":[{"embeddable":true,"href":"https:\/\/sanimarketecuador.com\/index.php?rest_route=\/wp\/v2\/media\/2383"}],"wp:attachment":[{"href":"https:\/\/sanimarketecuador.com\/index.php?rest_route=%2Fwp%2Fv2%2Fmedia&parent=2277"}],"wp:term":[{"taxonomy":"product_brand","embeddable":true,"href":"https:\/\/sanimarketecuador.com\/index.php?rest_route=%2Fwp%2Fv2%2Fproduct_brand&post=2277"},{"taxonomy":"product_cat","embeddable":true,"href":"https:\/\/sanimarketecuador.com\/index.php?rest_route=%2Fwp%2Fv2%2Fproduct_cat&post=2277"},{"taxonomy":"product_tag","embeddable":true,"href":"https:\/\/sanimarketecuador.com\/index.php?rest_route=%2Fwp%2Fv2%2Fproduct_tag&post=2277"}],"curies":[{"name":"wp","href":"https:\/\/api.w.org\/{rel}","templated":true}]}}