{"id":2459,"date":"2020-09-07T20:03:11","date_gmt":"2020-09-07T20:03:11","guid":{"rendered":"https:\/\/sanimarketecuador.com\/?post_type=product&#038;p=2459"},"modified":"2021-07-12T15:43:50","modified_gmt":"2021-07-12T15:43:50","slug":"gelfipron","status":"publish","type":"product","link":"https:\/\/sanimarketecuador.com\/?product=gelfipron","title":{"rendered":"Gelfipron"},"content":{"rendered":"","protected":false},"excerpt":{"rendered":"<p><span style=\"color: #EE3E3F;\"><\/span><br \/>\n<b>PARA VENTA INMEDIATA<\/b> <br \/> <a class=\"uk-button uk-button-link\" href=\"https:\/\/wa.me\/593985660258\" target=\"_blank\" rel=\"noopener noreferrer\"><span style=\"color: #EE3E3F;\" uk-icon=\"icon: whatsapp\"><\/span><b>  098 566 0258<\/b><\/a> <\/p>\n<p class=\"uk-text\" align=\"justify\">Es un\u00a0cebo atrayente cucarachicida y hormiguicida de acci\u00f3n por contacto e ingesti\u00f3n. Su principio activo Fipronil altera el sistema nervioso central del insecto, caus\u00e1ndole la muerte en 24 o 48 horas.<br \/>\nGelfipron en su presentaci\u00f3n de pote de 250 g y gel hidrosoluble viene listo para usar, de forma segura y profesional, perfecto para cocinas residenciales, restaurantes, industrias de alimentos, hoteles, hospitales, centros educativos y en general lugares con estrictas exigencias sanitarias.<\/p>\n<p>Composici\u00f3n garantizada:<\/p>\n<p>1. Fipronil 0.15%<br \/>\n2. Benzoato de denatonio 0.001%<br \/>\n3. Inertes y materiales atrayentes 99.849%\n<\/p>\n<p><span style=\"color: #EE3E3F;\"><\/span><br \/>\n<b>PARA ATENCI\u00d3N INMEDIATA<\/b> <br \/> <a class=\"uk-button uk-button-link\" href=\"https:\/\/wa.me\/593989596599\" target=\"_blank\" rel=\"noopener noreferrer\"><span style=\"color: #EE3E3F;\" uk-icon=\"icon: whatsapp\"><\/span><b> 098 959 6599<\/b><\/a><br \/>\n&nbsp;<\/p>\n","protected":false},"featured_media":2461,"comment_status":"open","ping_status":"closed","template":"","meta":{"_acf_changed":false},"product_brand":[],"product_cat":[53,72,73],"product_tag":[],"class_list":{"0":"post-2459","1":"product","2":"type-product","3":"status-publish","4":"has-post-thumbnail","6":"product_cat-productos-para-plagas","7":"product_cat-control-de-cucarachas","8":"product_cat-control-de-hormigas","10":"first","11":"instock","12":"taxable","13":"shipping-taxable","14":"purchasable","15":"product-type-simple"},"acf":[],"yoast_head":"<!-- This site is optimized with the Yoast SEO plugin v27.4 - https:\/\/yoast.com\/product\/yoast-seo-wordpress\/ -->\n<title>Gelfipron - Sanimarket Ecuador<\/title>\n<meta name=\"robots\" content=\"index, follow, max-snippet:-1, max-image-preview:large, max-video-preview:-1\" \/>\n<link rel=\"canonical\" href=\"https:\/\/sanimarketecuador.com\/?product=gelfipron\" \/>\n<meta property=\"og:locale\" content=\"es_MX\" \/>\n<meta property=\"og:type\" content=\"article\" \/>\n<meta property=\"og:title\" content=\"Gelfipron - Sanimarket Ecuador\" \/>\n<meta property=\"og:description\" content=\"PARA VENTA INMEDIATA  098 566 0258  Es un\u00a0cebo atrayente cucarachicida y hormiguicida de acci\u00f3n por contacto e ingesti\u00f3n. Su principio activo Fipronil altera el sistema nervioso central del insecto, caus\u00e1ndole la muerte en 24 o 48 horas. Gelfipron en su presentaci\u00f3n de pote de 250 g y gel hidrosoluble viene listo para usar, de forma segura y profesional, perfecto para cocinas residenciales, restaurantes, industrias de alimentos, hoteles, hospitales, centros educativos y en general lugares con estrictas exigencias sanitarias.  Composici\u00f3n garantizada:  1. Fipronil 0.15% 2. Benzoato de denatonio 0.001% 3. Inertes y materiales atrayentes 99.849%   PARA ATENCI\u00d3N INMEDIATA  098 959 6599 &nbsp;\" \/>\n<meta property=\"og:url\" content=\"https:\/\/sanimarketecuador.com\/?product=gelfipron\" \/>\n<meta property=\"og:site_name\" content=\"Sanimarket Ecuador\" \/>\n<meta property=\"article:modified_time\" content=\"2021-07-12T15:43:50+00:00\" \/>\n<meta property=\"og:image\" content=\"https:\/\/sanimarketecuador.com\/wp-content\/uploads\/2020\/09\/gelfipron.png\" \/>\n\t<meta property=\"og:image:width\" content=\"512\" \/>\n\t<meta property=\"og:image:height\" content=\"512\" \/>\n\t<meta property=\"og:image:type\" content=\"image\/png\" \/>\n<meta name=\"twitter:card\" content=\"summary_large_image\" \/>\n<script type=\"application\/ld+json\" class=\"yoast-schema-graph\">{\"@context\":\"https:\\\/\\\/schema.org\",\"@graph\":[{\"@type\":\"WebPage\",\"@id\":\"https:\\\/\\\/sanimarketecuador.com\\\/?product=gelfipron\",\"url\":\"https:\\\/\\\/sanimarketecuador.com\\\/?product=gelfipron\",\"name\":\"Gelfipron - Sanimarket Ecuador\",\"isPartOf\":{\"@id\":\"https:\\\/\\\/sanimarketecuador.com\\\/#website\"},\"primaryImageOfPage\":{\"@id\":\"https:\\\/\\\/sanimarketecuador.com\\\/?product=gelfipron#primaryimage\"},\"image\":{\"@id\":\"https:\\\/\\\/sanimarketecuador.com\\\/?product=gelfipron#primaryimage\"},\"thumbnailUrl\":\"https:\\\/\\\/sanimarketecuador.com\\\/wp-content\\\/uploads\\\/2020\\\/09\\\/gelfipron.png\",\"datePublished\":\"2020-09-07T20:03:11+00:00\",\"dateModified\":\"2021-07-12T15:43:50+00:00\",\"breadcrumb\":{\"@id\":\"https:\\\/\\\/sanimarketecuador.com\\\/?product=gelfipron#breadcrumb\"},\"inLanguage\":\"es\",\"potentialAction\":[{\"@type\":\"ReadAction\",\"target\":[\"https:\\\/\\\/sanimarketecuador.com\\\/?product=gelfipron\"]}]},{\"@type\":\"ImageObject\",\"inLanguage\":\"es\",\"@id\":\"https:\\\/\\\/sanimarketecuador.com\\\/?product=gelfipron#primaryimage\",\"url\":\"https:\\\/\\\/sanimarketecuador.com\\\/wp-content\\\/uploads\\\/2020\\\/09\\\/gelfipron.png\",\"contentUrl\":\"https:\\\/\\\/sanimarketecuador.com\\\/wp-content\\\/uploads\\\/2020\\\/09\\\/gelfipron.png\",\"width\":512,\"height\":512},{\"@type\":\"BreadcrumbList\",\"@id\":\"https:\\\/\\\/sanimarketecuador.com\\\/?product=gelfipron#breadcrumb\",\"itemListElement\":[{\"@type\":\"ListItem\",\"position\":1,\"name\":\"Inicio\",\"item\":\"https:\\\/\\\/sanimarketecuador.com\\\/\"},{\"@type\":\"ListItem\",\"position\":2,\"name\":\"Tienda\",\"item\":\"https:\\\/\\\/sanimarketecuador.com\\\/?page_id=1360\"},{\"@type\":\"ListItem\",\"position\":3,\"name\":\"Gelfipron\"}]},{\"@type\":\"WebSite\",\"@id\":\"https:\\\/\\\/sanimarketecuador.com\\\/#website\",\"url\":\"https:\\\/\\\/sanimarketecuador.com\\\/\",\"name\":\"Sanimarket Ecuador\",\"description\":\"Productos de limpieza y desinfecci\u00f3n\",\"potentialAction\":[{\"@type\":\"SearchAction\",\"target\":{\"@type\":\"EntryPoint\",\"urlTemplate\":\"https:\\\/\\\/sanimarketecuador.com\\\/?s={search_term_string}\"},\"query-input\":{\"@type\":\"PropertyValueSpecification\",\"valueRequired\":true,\"valueName\":\"search_term_string\"}}],\"inLanguage\":\"es\"}]}<\/script>\n<!-- \/ Yoast SEO plugin. -->","yoast_head_json":{"title":"Gelfipron - Sanimarket Ecuador","robots":{"index":"index","follow":"follow","max-snippet":"max-snippet:-1","max-image-preview":"max-image-preview:large","max-video-preview":"max-video-preview:-1"},"canonical":"https:\/\/sanimarketecuador.com\/?product=gelfipron","og_locale":"es_MX","og_type":"article","og_title":"Gelfipron - Sanimarket Ecuador","og_description":"PARA VENTA INMEDIATA  098 566 0258  Es un\u00a0cebo atrayente cucarachicida y hormiguicida de acci\u00f3n por contacto e ingesti\u00f3n. Su principio activo Fipronil altera el sistema nervioso central del insecto, caus\u00e1ndole la muerte en 24 o 48 horas. Gelfipron en su presentaci\u00f3n de pote de 250 g y gel hidrosoluble viene listo para usar, de forma segura y profesional, perfecto para cocinas residenciales, restaurantes, industrias de alimentos, hoteles, hospitales, centros educativos y en general lugares con estrictas exigencias sanitarias.  Composici\u00f3n garantizada:  1. Fipronil 0.15% 2. Benzoato de denatonio 0.001% 3. Inertes y materiales atrayentes 99.849%   PARA ATENCI\u00d3N INMEDIATA  098 959 6599 &nbsp;","og_url":"https:\/\/sanimarketecuador.com\/?product=gelfipron","og_site_name":"Sanimarket Ecuador","article_modified_time":"2021-07-12T15:43:50+00:00","og_image":[{"width":512,"height":512,"url":"https:\/\/sanimarketecuador.com\/wp-content\/uploads\/2020\/09\/gelfipron.png","type":"image\/png"}],"twitter_card":"summary_large_image","schema":{"@context":"https:\/\/schema.org","@graph":[{"@type":"WebPage","@id":"https:\/\/sanimarketecuador.com\/?product=gelfipron","url":"https:\/\/sanimarketecuador.com\/?product=gelfipron","name":"Gelfipron - Sanimarket Ecuador","isPartOf":{"@id":"https:\/\/sanimarketecuador.com\/#website"},"primaryImageOfPage":{"@id":"https:\/\/sanimarketecuador.com\/?product=gelfipron#primaryimage"},"image":{"@id":"https:\/\/sanimarketecuador.com\/?product=gelfipron#primaryimage"},"thumbnailUrl":"https:\/\/sanimarketecuador.com\/wp-content\/uploads\/2020\/09\/gelfipron.png","datePublished":"2020-09-07T20:03:11+00:00","dateModified":"2021-07-12T15:43:50+00:00","breadcrumb":{"@id":"https:\/\/sanimarketecuador.com\/?product=gelfipron#breadcrumb"},"inLanguage":"es","potentialAction":[{"@type":"ReadAction","target":["https:\/\/sanimarketecuador.com\/?product=gelfipron"]}]},{"@type":"ImageObject","inLanguage":"es","@id":"https:\/\/sanimarketecuador.com\/?product=gelfipron#primaryimage","url":"https:\/\/sanimarketecuador.com\/wp-content\/uploads\/2020\/09\/gelfipron.png","contentUrl":"https:\/\/sanimarketecuador.com\/wp-content\/uploads\/2020\/09\/gelfipron.png","width":512,"height":512},{"@type":"BreadcrumbList","@id":"https:\/\/sanimarketecuador.com\/?product=gelfipron#breadcrumb","itemListElement":[{"@type":"ListItem","position":1,"name":"Inicio","item":"https:\/\/sanimarketecuador.com\/"},{"@type":"ListItem","position":2,"name":"Tienda","item":"https:\/\/sanimarketecuador.com\/?page_id=1360"},{"@type":"ListItem","position":3,"name":"Gelfipron"}]},{"@type":"WebSite","@id":"https:\/\/sanimarketecuador.com\/#website","url":"https:\/\/sanimarketecuador.com\/","name":"Sanimarket Ecuador","description":"Productos de limpieza y desinfecci\u00f3n","potentialAction":[{"@type":"SearchAction","target":{"@type":"EntryPoint","urlTemplate":"https:\/\/sanimarketecuador.com\/?s={search_term_string}"},"query-input":{"@type":"PropertyValueSpecification","valueRequired":true,"valueName":"search_term_string"}}],"inLanguage":"es"}]}},"jetpack_sharing_enabled":true,"_links":{"self":[{"href":"https:\/\/sanimarketecuador.com\/index.php?rest_route=\/wp\/v2\/product\/2459","targetHints":{"allow":["GET"]}}],"collection":[{"href":"https:\/\/sanimarketecuador.com\/index.php?rest_route=\/wp\/v2\/product"}],"about":[{"href":"https:\/\/sanimarketecuador.com\/index.php?rest_route=\/wp\/v2\/types\/product"}],"replies":[{"embeddable":true,"href":"https:\/\/sanimarketecuador.com\/index.php?rest_route=%2Fwp%2Fv2%2Fcomments&post=2459"}],"wp:featuredmedia":[{"embeddable":true,"href":"https:\/\/sanimarketecuador.com\/index.php?rest_route=\/wp\/v2\/media\/2461"}],"wp:attachment":[{"href":"https:\/\/sanimarketecuador.com\/index.php?rest_route=%2Fwp%2Fv2%2Fmedia&parent=2459"}],"wp:term":[{"taxonomy":"product_brand","embeddable":true,"href":"https:\/\/sanimarketecuador.com\/index.php?rest_route=%2Fwp%2Fv2%2Fproduct_brand&post=2459"},{"taxonomy":"product_cat","embeddable":true,"href":"https:\/\/sanimarketecuador.com\/index.php?rest_route=%2Fwp%2Fv2%2Fproduct_cat&post=2459"},{"taxonomy":"product_tag","embeddable":true,"href":"https:\/\/sanimarketecuador.com\/index.php?rest_route=%2Fwp%2Fv2%2Fproduct_tag&post=2459"}],"curies":[{"name":"wp","href":"https:\/\/api.w.org\/{rel}","templated":true}]}}