{"id":2503,"date":"2022-06-27T11:17:45","date_gmt":"2022-06-27T11:17:45","guid":{"rendered":"https:\/\/sanimarketecuador.com\/?post_type=product&#038;p=2503"},"modified":"2022-06-27T11:39:28","modified_gmt":"2022-06-27T11:39:28","slug":"lampara-atrapa-insectos-viper-2","status":"publish","type":"product","link":"https:\/\/sanimarketecuador.com\/?product=lampara-atrapa-insectos-viper-2","title":{"rendered":"L\u00e1mpara atrapa insectos ViperDew"},"content":{"rendered":"<p><strong>GARANT\u00cdA<\/strong><br \/>\nTodos los aparatos de ViperDew llevan una garant\u00eda de 2 a\u00f1os.<\/p>\n<p><strong>USO<\/strong><br \/>\nLas l\u00e1mparas ViperDew est\u00e1n dise\u00f1adas para industria de alimentos,<br \/>\nrestaurantes, hoteles, bodegas de almacenamiento, industria farmac\u00e9utica,<br \/>\nimprentas y toda \u00e1rea donde se necesita mantener controlada la presencia<br \/>\nde insectos voladores.<\/p>\n<p><strong>COBERTURA<\/strong><br \/>\nEl \u00e1rea de atracci\u00f3n de moscas o cobertura, viene especificado con las<br \/>\ninstrucciones para cada modelo. Se debe tener en cuenta que cuando m\u00e1s<br \/>\nalto el nivel de luz en el \u00e1rea circundante, m\u00e1s aparatos se podr\u00edan necesitar<br \/>\npara una superficie determinada.<\/p>\n","protected":false},"excerpt":{"rendered":"<p>Las l\u00e1mparas atrapa insectos ViperDew, est\u00e1n fabricadas empleando componentes de la m\u00e1s alta calidad. El armaz\u00f3n consiste de un chasis de acero zinqueado o de acero inoxidable resistente a la corrosi\u00f3n con un acabado de poli\u00e9ster conformal. En el modelo la parte frontal existen 3 aberturas peque\u00f1as que permiten la salida de luz UV, la misma que hace m\u00e1s efectivo su funcionamiento, a la vez que previene el contacto accidental de los operarios con las l\u00e1minas adhesivas.<\/p>\n","protected":false},"featured_media":2504,"comment_status":"open","ping_status":"closed","template":"","meta":{"_acf_changed":false},"product_brand":[],"product_cat":[53,71,94],"product_tag":[],"class_list":{"0":"post-2503","1":"product","2":"type-product","3":"status-publish","4":"has-post-thumbnail","6":"product_cat-productos-para-plagas","7":"product_cat-control-de-moscos-mosquitos","8":"product_cat-control-de-insectos","10":"first","11":"instock","12":"taxable","13":"shipping-taxable","14":"purchasable","15":"product-type-simple"},"acf":[],"yoast_head":"<!-- This site is optimized with the Yoast SEO plugin v27.4 - https:\/\/yoast.com\/product\/yoast-seo-wordpress\/ -->\n<title>L\u00e1mpara atrapa insectos ViperDew - Sanimarket Ecuador<\/title>\n<meta name=\"robots\" content=\"index, follow, max-snippet:-1, max-image-preview:large, max-video-preview:-1\" \/>\n<link rel=\"canonical\" href=\"https:\/\/sanimarketecuador.com\/?product=lampara-atrapa-insectos-viper-2\" \/>\n<meta property=\"og:locale\" content=\"es_MX\" \/>\n<meta property=\"og:type\" content=\"article\" \/>\n<meta property=\"og:title\" content=\"L\u00e1mpara atrapa insectos ViperDew - Sanimarket Ecuador\" \/>\n<meta property=\"og:description\" content=\"Las l\u00e1mparas atrapa insectos ViperDew, est\u00e1n fabricadas empleando componentes de la m\u00e1s alta calidad. El armaz\u00f3n consiste de un chasis de acero zinqueado o de acero inoxidable resistente a la corrosi\u00f3n con un acabado de poli\u00e9ster conformal. En el modelo la parte frontal existen 3 aberturas peque\u00f1as que permiten la salida de luz UV, la misma que hace m\u00e1s efectivo su funcionamiento, a la vez que previene el contacto accidental de los operarios con las l\u00e1minas adhesivas.\" \/>\n<meta property=\"og:url\" content=\"https:\/\/sanimarketecuador.com\/?product=lampara-atrapa-insectos-viper-2\" \/>\n<meta property=\"og:site_name\" content=\"Sanimarket Ecuador\" \/>\n<meta property=\"article:modified_time\" content=\"2022-06-27T11:39:28+00:00\" \/>\n<meta property=\"og:image\" content=\"https:\/\/sanimarketecuador.com\/wp-content\/uploads\/2022\/06\/viper_1.png\" \/>\n\t<meta property=\"og:image:width\" content=\"512\" \/>\n\t<meta property=\"og:image:height\" content=\"512\" \/>\n\t<meta property=\"og:image:type\" content=\"image\/png\" \/>\n<meta name=\"twitter:card\" content=\"summary_large_image\" \/>\n<meta name=\"twitter:label1\" content=\"Tiempo de lectura\" \/>\n\t<meta name=\"twitter:data1\" content=\"1 minuto\" \/>\n<script type=\"application\/ld+json\" class=\"yoast-schema-graph\">{\"@context\":\"https:\\\/\\\/schema.org\",\"@graph\":[{\"@type\":\"WebPage\",\"@id\":\"https:\\\/\\\/sanimarketecuador.com\\\/?product=lampara-atrapa-insectos-viper-2\",\"url\":\"https:\\\/\\\/sanimarketecuador.com\\\/?product=lampara-atrapa-insectos-viper-2\",\"name\":\"L\u00e1mpara atrapa insectos ViperDew - Sanimarket Ecuador\",\"isPartOf\":{\"@id\":\"https:\\\/\\\/sanimarketecuador.com\\\/#website\"},\"primaryImageOfPage\":{\"@id\":\"https:\\\/\\\/sanimarketecuador.com\\\/?product=lampara-atrapa-insectos-viper-2#primaryimage\"},\"image\":{\"@id\":\"https:\\\/\\\/sanimarketecuador.com\\\/?product=lampara-atrapa-insectos-viper-2#primaryimage\"},\"thumbnailUrl\":\"https:\\\/\\\/sanimarketecuador.com\\\/wp-content\\\/uploads\\\/2022\\\/06\\\/viper_1.png\",\"datePublished\":\"2022-06-27T11:17:45+00:00\",\"dateModified\":\"2022-06-27T11:39:28+00:00\",\"breadcrumb\":{\"@id\":\"https:\\\/\\\/sanimarketecuador.com\\\/?product=lampara-atrapa-insectos-viper-2#breadcrumb\"},\"inLanguage\":\"es\",\"potentialAction\":[{\"@type\":\"ReadAction\",\"target\":[\"https:\\\/\\\/sanimarketecuador.com\\\/?product=lampara-atrapa-insectos-viper-2\"]}]},{\"@type\":\"ImageObject\",\"inLanguage\":\"es\",\"@id\":\"https:\\\/\\\/sanimarketecuador.com\\\/?product=lampara-atrapa-insectos-viper-2#primaryimage\",\"url\":\"https:\\\/\\\/sanimarketecuador.com\\\/wp-content\\\/uploads\\\/2022\\\/06\\\/viper_1.png\",\"contentUrl\":\"https:\\\/\\\/sanimarketecuador.com\\\/wp-content\\\/uploads\\\/2022\\\/06\\\/viper_1.png\",\"width\":512,\"height\":512},{\"@type\":\"BreadcrumbList\",\"@id\":\"https:\\\/\\\/sanimarketecuador.com\\\/?product=lampara-atrapa-insectos-viper-2#breadcrumb\",\"itemListElement\":[{\"@type\":\"ListItem\",\"position\":1,\"name\":\"Inicio\",\"item\":\"https:\\\/\\\/sanimarketecuador.com\\\/\"},{\"@type\":\"ListItem\",\"position\":2,\"name\":\"Tienda\",\"item\":\"https:\\\/\\\/sanimarketecuador.com\\\/?page_id=1360\"},{\"@type\":\"ListItem\",\"position\":3,\"name\":\"L\u00e1mpara atrapa insectos ViperDew\"}]},{\"@type\":\"WebSite\",\"@id\":\"https:\\\/\\\/sanimarketecuador.com\\\/#website\",\"url\":\"https:\\\/\\\/sanimarketecuador.com\\\/\",\"name\":\"Sanimarket Ecuador\",\"description\":\"Productos de limpieza y desinfecci\u00f3n\",\"potentialAction\":[{\"@type\":\"SearchAction\",\"target\":{\"@type\":\"EntryPoint\",\"urlTemplate\":\"https:\\\/\\\/sanimarketecuador.com\\\/?s={search_term_string}\"},\"query-input\":{\"@type\":\"PropertyValueSpecification\",\"valueRequired\":true,\"valueName\":\"search_term_string\"}}],\"inLanguage\":\"es\"}]}<\/script>\n<!-- \/ Yoast SEO plugin. -->","yoast_head_json":{"title":"L\u00e1mpara atrapa insectos ViperDew - Sanimarket Ecuador","robots":{"index":"index","follow":"follow","max-snippet":"max-snippet:-1","max-image-preview":"max-image-preview:large","max-video-preview":"max-video-preview:-1"},"canonical":"https:\/\/sanimarketecuador.com\/?product=lampara-atrapa-insectos-viper-2","og_locale":"es_MX","og_type":"article","og_title":"L\u00e1mpara atrapa insectos ViperDew - Sanimarket Ecuador","og_description":"Las l\u00e1mparas atrapa insectos ViperDew, est\u00e1n fabricadas empleando componentes de la m\u00e1s alta calidad. El armaz\u00f3n consiste de un chasis de acero zinqueado o de acero inoxidable resistente a la corrosi\u00f3n con un acabado de poli\u00e9ster conformal. En el modelo la parte frontal existen 3 aberturas peque\u00f1as que permiten la salida de luz UV, la misma que hace m\u00e1s efectivo su funcionamiento, a la vez que previene el contacto accidental de los operarios con las l\u00e1minas adhesivas.","og_url":"https:\/\/sanimarketecuador.com\/?product=lampara-atrapa-insectos-viper-2","og_site_name":"Sanimarket Ecuador","article_modified_time":"2022-06-27T11:39:28+00:00","og_image":[{"width":512,"height":512,"url":"https:\/\/sanimarketecuador.com\/wp-content\/uploads\/2022\/06\/viper_1.png","type":"image\/png"}],"twitter_card":"summary_large_image","twitter_misc":{"Tiempo de lectura":"1 minuto"},"schema":{"@context":"https:\/\/schema.org","@graph":[{"@type":"WebPage","@id":"https:\/\/sanimarketecuador.com\/?product=lampara-atrapa-insectos-viper-2","url":"https:\/\/sanimarketecuador.com\/?product=lampara-atrapa-insectos-viper-2","name":"L\u00e1mpara atrapa insectos ViperDew - Sanimarket Ecuador","isPartOf":{"@id":"https:\/\/sanimarketecuador.com\/#website"},"primaryImageOfPage":{"@id":"https:\/\/sanimarketecuador.com\/?product=lampara-atrapa-insectos-viper-2#primaryimage"},"image":{"@id":"https:\/\/sanimarketecuador.com\/?product=lampara-atrapa-insectos-viper-2#primaryimage"},"thumbnailUrl":"https:\/\/sanimarketecuador.com\/wp-content\/uploads\/2022\/06\/viper_1.png","datePublished":"2022-06-27T11:17:45+00:00","dateModified":"2022-06-27T11:39:28+00:00","breadcrumb":{"@id":"https:\/\/sanimarketecuador.com\/?product=lampara-atrapa-insectos-viper-2#breadcrumb"},"inLanguage":"es","potentialAction":[{"@type":"ReadAction","target":["https:\/\/sanimarketecuador.com\/?product=lampara-atrapa-insectos-viper-2"]}]},{"@type":"ImageObject","inLanguage":"es","@id":"https:\/\/sanimarketecuador.com\/?product=lampara-atrapa-insectos-viper-2#primaryimage","url":"https:\/\/sanimarketecuador.com\/wp-content\/uploads\/2022\/06\/viper_1.png","contentUrl":"https:\/\/sanimarketecuador.com\/wp-content\/uploads\/2022\/06\/viper_1.png","width":512,"height":512},{"@type":"BreadcrumbList","@id":"https:\/\/sanimarketecuador.com\/?product=lampara-atrapa-insectos-viper-2#breadcrumb","itemListElement":[{"@type":"ListItem","position":1,"name":"Inicio","item":"https:\/\/sanimarketecuador.com\/"},{"@type":"ListItem","position":2,"name":"Tienda","item":"https:\/\/sanimarketecuador.com\/?page_id=1360"},{"@type":"ListItem","position":3,"name":"L\u00e1mpara atrapa insectos ViperDew"}]},{"@type":"WebSite","@id":"https:\/\/sanimarketecuador.com\/#website","url":"https:\/\/sanimarketecuador.com\/","name":"Sanimarket Ecuador","description":"Productos de limpieza y desinfecci\u00f3n","potentialAction":[{"@type":"SearchAction","target":{"@type":"EntryPoint","urlTemplate":"https:\/\/sanimarketecuador.com\/?s={search_term_string}"},"query-input":{"@type":"PropertyValueSpecification","valueRequired":true,"valueName":"search_term_string"}}],"inLanguage":"es"}]}},"jetpack_sharing_enabled":true,"_links":{"self":[{"href":"https:\/\/sanimarketecuador.com\/index.php?rest_route=\/wp\/v2\/product\/2503","targetHints":{"allow":["GET"]}}],"collection":[{"href":"https:\/\/sanimarketecuador.com\/index.php?rest_route=\/wp\/v2\/product"}],"about":[{"href":"https:\/\/sanimarketecuador.com\/index.php?rest_route=\/wp\/v2\/types\/product"}],"replies":[{"embeddable":true,"href":"https:\/\/sanimarketecuador.com\/index.php?rest_route=%2Fwp%2Fv2%2Fcomments&post=2503"}],"wp:featuredmedia":[{"embeddable":true,"href":"https:\/\/sanimarketecuador.com\/index.php?rest_route=\/wp\/v2\/media\/2504"}],"wp:attachment":[{"href":"https:\/\/sanimarketecuador.com\/index.php?rest_route=%2Fwp%2Fv2%2Fmedia&parent=2503"}],"wp:term":[{"taxonomy":"product_brand","embeddable":true,"href":"https:\/\/sanimarketecuador.com\/index.php?rest_route=%2Fwp%2Fv2%2Fproduct_brand&post=2503"},{"taxonomy":"product_cat","embeddable":true,"href":"https:\/\/sanimarketecuador.com\/index.php?rest_route=%2Fwp%2Fv2%2Fproduct_cat&post=2503"},{"taxonomy":"product_tag","embeddable":true,"href":"https:\/\/sanimarketecuador.com\/index.php?rest_route=%2Fwp%2Fv2%2Fproduct_tag&post=2503"}],"curies":[{"name":"wp","href":"https:\/\/api.w.org\/{rel}","templated":true}]}}